{"id":1728,"date":"2024-01-12T19:06:50","date_gmt":"2024-01-12T19:06:50","guid":{"rendered":"https:\/\/iniciativalegal.com\/?page_id=1728"},"modified":"2024-12-15T00:26:49","modified_gmt":"2024-12-15T05:26:49","slug":"familia","status":"publish","type":"page","link":"https:\/\/iniciativalegal.com\/en\/familia\/","title":{"rendered":"Family Law"},"content":{"rendered":"<div data-elementor-type=\"wp-page\" data-elementor-id=\"1728\" class=\"elementor elementor-1728\" data-elementor-post-type=\"page\">\n\t\t\t\t\t\t<section class=\"elementor-section elementor-top-section elementor-element elementor-element-f902cac elementor-section-boxed elementor-section-height-default elementor-section-height-default\" data-id=\"f902cac\" data-element_type=\"section\" data-e-type=\"section\" data-settings=\"{&quot;background_background&quot;:&quot;classic&quot;}\">\n\t\t\t\t\t\t\t<div class=\"elementor-background-overlay\"><\/div>\n\t\t\t\t\t\t\t<div class=\"elementor-container elementor-column-gap-default\">\n\t\t\t\t\t<div class=\"elementor-column elementor-col-100 elementor-top-column elementor-element elementor-element-4229194\" data-id=\"4229194\" data-element_type=\"column\" data-e-type=\"column\">\n\t\t\t<div class=\"elementor-widget-wrap elementor-element-populated\">\n\t\t\t\t\t\t<div class=\"elementor-element elementor-element-6d33bba elementor-widget elementor-widget-text-editor\" data-id=\"6d33bba\" data-element_type=\"widget\" data-e-type=\"widget\" data-widget_type=\"text-editor.default\">\n\t\t\t\t<div class=\"elementor-widget-container\">\n\t\t\t\t\t\t\t\t\t<p>Servicio en\u00a0<\/p>\t\t\t\t\t\t\t\t<\/div>\n\t\t\t\t<\/div>\n\t\t\t\t<div class=\"elementor-element elementor-element-5aa08e0 elementor-widget elementor-widget-heading\" data-id=\"5aa08e0\" data-element_type=\"widget\" data-e-type=\"widget\" data-widget_type=\"heading.default\">\n\t\t\t\t<div class=\"elementor-widget-container\">\n\t\t\t\t\t<h1 class=\"elementor-heading-title elementor-size-default\">Family Law<\/h1>\t\t\t\t<\/div>\n\t\t\t\t<\/div>\n\t\t\t\t\t<\/div>\n\t\t<\/div>\n\t\t\t\t\t<\/div>\n\t\t<\/section>\n\t\t\t\t<section class=\"elementor-section elementor-top-section elementor-element elementor-element-2948c35 elementor-section-boxed elementor-section-height-default elementor-section-height-default\" data-id=\"2948c35\" data-element_type=\"section\" data-e-type=\"section\">\n\t\t\t\t\t\t<div class=\"elementor-container elementor-column-gap-default\">\n\t\t\t\t\t<div class=\"elementor-column elementor-col-100 elementor-top-column elementor-element elementor-element-a499620\" data-id=\"a499620\" data-element_type=\"column\" data-e-type=\"column\">\n\t\t\t<div class=\"elementor-widget-wrap elementor-element-populated\">\n\t\t\t\t\t\t<section class=\"elementor-section elementor-inner-section elementor-element elementor-element-859196d elementor-section-boxed elementor-section-height-default elementor-section-height-default\" data-id=\"859196d\" data-element_type=\"section\" data-e-type=\"section\">\n\t\t\t\t\t\t<div class=\"elementor-container elementor-column-gap-default\">\n\t\t\t\t\t<div class=\"elementor-column elementor-col-50 elementor-inner-column elementor-element elementor-element-07d1335\" data-id=\"07d1335\" data-element_type=\"column\" data-e-type=\"column\">\n\t\t\t<div class=\"elementor-widget-wrap elementor-element-populated\">\n\t\t\t\t\t\t<div class=\"elementor-element elementor-element-214ead3 elementor-widget elementor-widget-image\" data-id=\"214ead3\" data-element_type=\"widget\" data-e-type=\"widget\" data-widget_type=\"image.default\">\n\t\t\t\t<div class=\"elementor-widget-container\">\n\t\t\t\t\t\t\t\t\t\t\t\t\t\t\t<img fetchpriority=\"high\" decoding=\"async\" width=\"768\" height=\"607\" src=\"https:\/\/iniciativalegal.com\/wp-content\/uploads\/2024\/01\/pexels-agung-pandit-wiguna-1128318-768x607.jpg\" class=\"attachment-medium_large size-medium_large wp-image-2130\" alt=\"Iniciativa Legal Abogados | Servicio en Derecho de Familia\" srcset=\"https:\/\/iniciativalegal.com\/wp-content\/uploads\/2024\/01\/pexels-agung-pandit-wiguna-1128318-768x607.jpg 768w, https:\/\/iniciativalegal.com\/wp-content\/uploads\/2024\/01\/pexels-agung-pandit-wiguna-1128318-300x237.jpg 300w, https:\/\/iniciativalegal.com\/wp-content\/uploads\/2024\/01\/pexels-agung-pandit-wiguna-1128318-1024x810.jpg 1024w, https:\/\/iniciativalegal.com\/wp-content\/uploads\/2024\/01\/pexels-agung-pandit-wiguna-1128318.jpg 1280w\" sizes=\"(max-width: 768px) 100vw, 768px\" \/>\t\t\t\t\t\t\t\t\t\t\t\t\t\t\t<\/div>\n\t\t\t\t<\/div>\n\t\t\t\t\t<\/div>\n\t\t<\/div>\n\t\t\t\t<div class=\"elementor-column elementor-col-50 elementor-inner-column elementor-element elementor-element-6a6673a\" data-id=\"6a6673a\" data-element_type=\"column\" data-e-type=\"column\">\n\t\t\t<div class=\"elementor-widget-wrap elementor-element-populated\">\n\t\t\t\t\t\t<div class=\"elementor-element elementor-element-59d0d47 elementor-widget elementor-widget-text-editor\" data-id=\"59d0d47\" data-element_type=\"widget\" data-e-type=\"widget\" data-widget_type=\"text-editor.default\">\n\t\t\t\t<div class=\"elementor-widget-container\">\n\t\t\t\t\t\t\t\t\tEn Iniciativa Legal Abogados, ofrecemos un servicio especializado en Derecho de Familia, dirigido a proporcionar asesoramiento y representaci\u00f3n legal de alta calidad en una variedad de asuntos familiares. Nuestro equipo de abogados cuenta con una amplia experiencia y conocimientos profundos en esta \u00e1rea, lo que nos permite ofrecer soluciones efectivas y personalizadas a nuestros clientes, asegurando la protecci\u00f3n de sus derechos e intereses en todo momento.\t\t\t\t\t\t\t\t<\/div>\n\t\t\t\t<\/div>\n\t\t\t\t\t<\/div>\n\t\t<\/div>\n\t\t\t\t\t<\/div>\n\t\t<\/section>\n\t\t\t\t<section class=\"elementor-section elementor-inner-section elementor-element elementor-element-7ad7525 elementor-section-boxed elementor-section-height-default elementor-section-height-default\" data-id=\"7ad7525\" data-element_type=\"section\" data-e-type=\"section\">\n\t\t\t\t\t\t<div class=\"elementor-container elementor-column-gap-default\">\n\t\t\t\t\t<div class=\"elementor-column elementor-col-100 elementor-inner-column elementor-element elementor-element-e5b6aba\" data-id=\"e5b6aba\" data-element_type=\"column\" data-e-type=\"column\">\n\t\t\t<div class=\"elementor-widget-wrap elementor-element-populated\">\n\t\t\t\t\t\t<div class=\"elementor-element elementor-element-34d895a elementor-widget__width-initial elementor-widget elementor-widget-text-editor\" data-id=\"34d895a\" data-element_type=\"widget\" data-e-type=\"widget\" data-widget_type=\"text-editor.default\">\n\t\t\t\t<div class=\"elementor-widget-container\">\n\t\t\t\t\t\t\t\t\t<h3>\u00c1reas de Pr\u00e1ctica en Derecho de Familia<\/h3><ol><li><strong>Sucesiones:<\/strong> Asesoramos a nuestros clientes en la planificaci\u00f3n y gesti\u00f3n de herencias, garantizando que los bienes se distribuyan conforme a la voluntad del testador y cumpliendo con las normativas legales vigentes. Esto incluye la redacci\u00f3n de testamentos y la representaci\u00f3n en procesos sucesorios.<\/li><li><strong>Divorcios:<\/strong> Brindamos acompa\u00f1amiento integral en procesos de divorcio, ya sea de mutuo acuerdo o contencioso, protegiendo los derechos de nuestros clientes y buscando soluciones que minimicen el impacto emocional y financiero de la separaci\u00f3n.<\/li><li><strong>Capitulaciones Matrimoniales:<\/strong> Asesoramos en la elaboraci\u00f3n de acuerdos prenupciales y capitulaciones matrimoniales, ayudando a nuestros clientes a establecer las bases econ\u00f3micas de su matrimonio y proteger sus bienes en caso de separaci\u00f3n.<\/li><li><strong>Matrimonio con Extranjeros:<\/strong> Ofrecemos asesor\u00eda legal a parejas en las que uno de los c\u00f3nyuges es extranjero, abordando cuestiones legales relacionadas con el matrimonio, la residencia y los derechos de los c\u00f3nyuges en diferentes jurisdicciones.<\/li><\/ol><p><br \/>Nuestro enfoque en el Derecho de Familia nos permite abordar cada caso con sensibilidad y profesionalismo, desarrollando estrategias legales que maximicen las posibilidades de \u00e9xito y protejan los intereses de nuestros clientes. Si necesita asesoramiento en Derecho de Familia, no dude en ponerse en contacto con nosotros. Estamos aqu\u00ed para ofrecerle la representaci\u00f3n legal que merece y asegurar la defensa efectiva de sus intereses.<\/p>\t\t\t\t\t\t\t\t<\/div>\n\t\t\t\t<\/div>\n\t\t\t\t\t<\/div>\n\t\t<\/div>\n\t\t\t\t\t<\/div>\n\t\t<\/section>\n\t\t\t\t\t<\/div>\n\t\t<\/div>\n\t\t\t\t\t<\/div>\n\t\t<\/section>\n\t\t\t\t<section class=\"elementor-section elementor-top-section elementor-element elementor-element-5ac1f6a9 elementor-section-boxed elementor-section-height-default elementor-section-height-default\" data-id=\"5ac1f6a9\" data-element_type=\"section\" data-e-type=\"section\">\n\t\t\t\t\t\t<div class=\"elementor-container elementor-column-gap-default\">\n\t\t\t\t\t<div class=\"elementor-column elementor-col-50 elementor-top-column elementor-element elementor-element-3d7bb1ef\" data-id=\"3d7bb1ef\" data-element_type=\"column\" data-e-type=\"column\">\n\t\t\t<div class=\"elementor-widget-wrap elementor-element-populated\">\n\t\t\t\t\t\t<div class=\"elementor-element elementor-element-12e98c4 elementor-widget elementor-widget-image\" data-id=\"12e98c4\" data-element_type=\"widget\" data-e-type=\"widget\" data-widget_type=\"image.default\">\n\t\t\t\t<div class=\"elementor-widget-container\">\n\t\t\t\t\t\t\t\t\t\t\t\t\t\t\t<img decoding=\"async\" width=\"800\" height=\"641\" src=\"https:\/\/iniciativalegal.com\/wp-content\/uploads\/2024\/01\/IMG_0380-1-1024x820.jpg\" class=\"attachment-large size-large wp-image-1995\" alt=\"Camilo Montoya Duque y Juliana Echavarr\u00eda Restrepo\" srcset=\"https:\/\/iniciativalegal.com\/wp-content\/uploads\/2024\/01\/IMG_0380-1-1024x820.jpg 1024w, https:\/\/iniciativalegal.com\/wp-content\/uploads\/2024\/01\/IMG_0380-1-300x240.jpg 300w, https:\/\/iniciativalegal.com\/wp-content\/uploads\/2024\/01\/IMG_0380-1-768x615.jpg 768w, https:\/\/iniciativalegal.com\/wp-content\/uploads\/2024\/01\/IMG_0380-1-1536x1230.jpg 1536w, https:\/\/iniciativalegal.com\/wp-content\/uploads\/2024\/01\/IMG_0380-1-2048x1640.jpg 2048w\" sizes=\"(max-width: 800px) 100vw, 800px\" \/>\t\t\t\t\t\t\t\t\t\t\t\t\t\t\t<\/div>\n\t\t\t\t<\/div>\n\t\t\t\t\t<\/div>\n\t\t<\/div>\n\t\t\t\t<div class=\"elementor-column elementor-col-50 elementor-top-column elementor-element elementor-element-7b6fc44\" data-id=\"7b6fc44\" data-element_type=\"column\" data-e-type=\"column\" data-settings=\"{&quot;background_background&quot;:&quot;classic&quot;}\">\n\t\t\t<div class=\"elementor-widget-wrap elementor-element-populated\">\n\t\t\t\t\t\t<div class=\"elementor-element elementor-element-6fb9fc3e elementor-widget elementor-widget-heading\" data-id=\"6fb9fc3e\" data-element_type=\"widget\" data-e-type=\"widget\" data-widget_type=\"heading.default\">\n\t\t\t\t<div class=\"elementor-widget-container\">\n\t\t\t\t\t<h2 class=\"elementor-heading-title elementor-size-default\">Schedule an appointment with us<\/h2>\t\t\t\t<\/div>\n\t\t\t\t<\/div>\n\t\t\t\t<div class=\"elementor-element elementor-element-1ec9c18a form-sac elementor-widget elementor-widget-text-editor\" data-id=\"1ec9c18a\" data-element_type=\"widget\" data-e-type=\"widget\" data-widget_type=\"text-editor.default\">\n\t\t\t\t<div class=\"elementor-widget-container\">\n\t\t\t\t\t\t\t\t\t<p>\n<div class=\"wpcf7 no-js\" id=\"wpcf7-f2909-o1\" lang=\"es-CO\" dir=\"ltr\" data-wpcf7-id=\"2909\">\n<div class=\"screen-reader-response\"><p role=\"status\" aria-live=\"polite\" aria-atomic=\"true\"><\/p> <ul><\/ul><\/div>\n<form action=\"\/en\/wp-json\/wp\/v2\/pages\/1728#wpcf7-f2909-o1\" method=\"post\" class=\"wpcf7-form init\" aria-label=\"Formulario de contacto\" novalidate=\"novalidate\" data-status=\"init\" data-trp-original-action=\"\/en\/wp-json\/wp\/v2\/pages\/1728#wpcf7-f2909-o1\">\n<fieldset class=\"hidden-fields-container\"><input type=\"hidden\" name=\"_wpcf7\" value=\"2909\" \/><input type=\"hidden\" name=\"_wpcf7_version\" value=\"6.1.5\" \/><input type=\"hidden\" name=\"_wpcf7_locale\" value=\"es_CO\" \/><input type=\"hidden\" name=\"_wpcf7_unit_tag\" value=\"wpcf7-f2909-o1\" \/><input type=\"hidden\" name=\"_wpcf7_container_post\" value=\"0\" \/><input type=\"hidden\" name=\"_wpcf7_posted_data_hash\" value=\"\" \/><input type=\"hidden\" name=\"_wpcf7_recaptcha_response\" value=\"\" \/>\n<\/fieldset>\n<p><span class=\"wpcf7-form-control-wrap\" data-name=\"nombre\"><input size=\"40\" maxlength=\"400\" class=\"wpcf7-form-control wpcf7-text wpcf7-validates-as-required\" aria-required=\"true\" aria-invalid=\"false\" placeholder=\"Full Name\" value=\"\" type=\"text\" name=\"nombre\" \/><\/span><br \/>\n<span class=\"wpcf7-form-control-wrap\" data-name=\"telefono\"><input size=\"40\" maxlength=\"400\" class=\"wpcf7-form-control wpcf7-tel wpcf7-validates-as-required wpcf7-text wpcf7-validates-as-tel\" aria-required=\"true\" aria-invalid=\"false\" placeholder=\"Mobile Phone\" value=\"\" type=\"tel\" name=\"telefono\" \/><\/span><br \/>\n<span class=\"wpcf7-form-control-wrap\" data-name=\"correo\"><input size=\"40\" maxlength=\"400\" class=\"wpcf7-form-control wpcf7-email wpcf7-validates-as-required wpcf7-text wpcf7-validates-as-email\" aria-required=\"true\" aria-invalid=\"false\" placeholder=\"Email Address\" value=\"\" type=\"email\" name=\"correo\" \/><\/span><br \/>\n<span class=\"wpcf7-form-control-wrap\" data-name=\"mensaje\"><textarea cols=\"40\" rows=\"10\" maxlength=\"2000\" class=\"wpcf7-form-control wpcf7-textarea\" aria-invalid=\"false\" placeholder=\"How can we assist you?\" name=\"mensaje\"><\/textarea><\/span><br \/>\n<input class=\"wpcf7-form-control wpcf7-hidden\" value=\"Derecho de Familia\" type=\"hidden\" name=\"servicio\" \/>\n<\/p>\n<div style=\"display:none;\">\n<input class=\"wpcf7-form-control wpcf7-hidden\" value=\"\" type=\"hidden\" name=\"utm_source\" \/>\n<input class=\"wpcf7-form-control wpcf7-hidden\" value=\"\" type=\"hidden\" name=\"utm_medium\" \/>\n<input class=\"wpcf7-form-control wpcf7-hidden\" value=\"\" type=\"hidden\" name=\"utm_campaign\" \/>\n<input class=\"wpcf7-form-control wpcf7-hidden\" value=\"\" type=\"hidden\" name=\"utm_keyword\" \/>\n<input class=\"wpcf7-form-control wpcf7-hidden\" value=\"\" type=\"hidden\" name=\"utm_content\" \/>\n<\/div>\n<p><span class=\"wpcf7-form-control-wrap\" data-name=\"terminos\"><span class=\"wpcf7-form-control wpcf7-acceptance optional\"><span class=\"wpcf7-list-item\"><label><input type=\"checkbox\" name=\"terminos\" value=\"1\" aria-invalid=\"false\" \/><span class=\"wpcf7-list-item-label\">I accept <a href=\"https:\/\/iniciativalegal.com\/wp-content\/uploads\/2023\/12\/IL-POLITICA-DE-TRATAMIENTO-DE-DATOS.pdf\">the personal data processing policy<\/a><\/span><\/label><\/span><\/span><\/span><br \/>\n<input class=\"wpcf7-form-control wpcf7-submit has-spinner\" type=\"submit\" value=\"Send\" \/>\n<\/p><div class=\"wpcf7-response-output\" aria-hidden=\"true\"><\/div>\n<input type=\"hidden\" name=\"trp-form-language\" value=\"en\"\/><\/form>\n<\/div>\n<\/p>\t\t\t\t\t\t\t\t<\/div>\n\t\t\t\t<\/div>\n\t\t\t\t\t<\/div>\n\t\t<\/div>\n\t\t\t\t\t<\/div>\n\t\t<\/section>\n\t\t\t\t<\/div>","protected":false},"excerpt":{"rendered":"<p>Servicio en\u00a0 En Iniciativa Legal Abogados, ofrecemos un servicio especializado en Derecho de Familia, dirigido a proporcionar asesoramiento y representaci\u00f3n legal de alta calidad en una variedad de asuntos familiares. Nuestro equipo de abogados cuenta con una amplia experiencia y conocimientos profundos en esta \u00e1rea, lo que nos permite ofrecer soluciones efectivas y personalizadas a [&hellip;]<\/p>\n","protected":false},"author":1,"featured_media":0,"parent":0,"menu_order":0,"comment_status":"closed","ping_status":"closed","template":"","meta":{"_joinchat":[],"footnotes":""},"class_list":["post-1728","page","type-page","status-publish","hentry"],"yoast_head":"<!-- This site is optimized with the Yoast SEO Premium plugin v21.9 (Yoast SEO v27.5) - https:\/\/yoast.com\/product\/yoast-seo-premium-wordpress\/ -->\n<title>Derecho de Familia - Iniciativa Legal<\/title>\n<meta name=\"description\" content=\"Tenemos la capacidad para actuar en defensa de los derechos e intereses de los miembros de una familia que contrate nuestros servicios profesionales, brindando asesor\u00eda y acompa\u00f1amiento jur\u00eddico\" \/>\n<meta name=\"robots\" content=\"index, follow, max-snippet:-1, max-image-preview:large, max-video-preview:-1\" \/>\n<link rel=\"canonical\" href=\"https:\/\/iniciativalegal.com\/en\/familia\/\" \/>\n<meta property=\"og:locale\" content=\"en_US\" \/>\n<meta property=\"og:type\" content=\"article\" \/>\n<meta property=\"og:title\" content=\"Derecho de Familia\" \/>\n<meta property=\"og:description\" content=\"Tenemos la capacidad para actuar en defensa de los derechos e intereses de los miembros de una familia que contrate nuestros servicios profesionales, brindando asesor\u00eda y acompa\u00f1amiento jur\u00eddico\" \/>\n<meta property=\"og:url\" content=\"https:\/\/iniciativalegal.com\/en\/familia\/\" \/>\n<meta property=\"og:site_name\" content=\"Iniciativa Legal\" \/>\n<meta property=\"article:publisher\" content=\"https:\/\/www.facebook.com\/profile.php?id=100054888697663\" \/>\n<meta property=\"article:modified_time\" content=\"2024-12-15T05:26:49+00:00\" \/>\n<meta property=\"og:image\" content=\"https:\/\/iniciativalegal.com\/wp-content\/uploads\/2024\/01\/pexels-agung-pandit-wiguna-1128318-768x607.jpg\" \/>\n<meta name=\"twitter:card\" content=\"summary_large_image\" \/>\n<meta name=\"twitter:label1\" content=\"Est. reading time\" \/>\n\t<meta name=\"twitter:data1\" content=\"2 minutes\" \/>\n<script type=\"application\/ld+json\" class=\"yoast-schema-graph\">{\"@context\":\"https:\\\/\\\/schema.org\",\"@graph\":[{\"@type\":\"WebPage\",\"@id\":\"https:\\\/\\\/iniciativalegal.com\\\/en\\\/familia\\\/\",\"url\":\"https:\\\/\\\/iniciativalegal.com\\\/en\\\/familia\\\/\",\"name\":\"Derecho de Familia - Iniciativa Legal\",\"isPartOf\":{\"@id\":\"https:\\\/\\\/iniciativalegal.com\\\/en\\\/#website\"},\"primaryImageOfPage\":{\"@id\":\"https:\\\/\\\/iniciativalegal.com\\\/en\\\/familia\\\/#primaryimage\"},\"image\":{\"@id\":\"https:\\\/\\\/iniciativalegal.com\\\/en\\\/familia\\\/#primaryimage\"},\"thumbnailUrl\":\"https:\\\/\\\/iniciativalegal.com\\\/wp-content\\\/uploads\\\/2024\\\/01\\\/pexels-agung-pandit-wiguna-1128318-768x607.jpg\",\"datePublished\":\"2024-01-12T19:06:50+00:00\",\"dateModified\":\"2024-12-15T05:26:49+00:00\",\"description\":\"Tenemos la capacidad para actuar en defensa de los derechos e intereses de los miembros de una familia que contrate nuestros servicios profesionales, brindando asesor\u00eda y acompa\u00f1amiento jur\u00eddico\",\"breadcrumb\":{\"@id\":\"https:\\\/\\\/iniciativalegal.com\\\/en\\\/familia\\\/#breadcrumb\"},\"inLanguage\":\"en-US\",\"potentialAction\":[{\"@type\":\"ReadAction\",\"target\":[\"https:\\\/\\\/iniciativalegal.com\\\/en\\\/familia\\\/\"]}]},{\"@type\":\"ImageObject\",\"inLanguage\":\"en-US\",\"@id\":\"https:\\\/\\\/iniciativalegal.com\\\/en\\\/familia\\\/#primaryimage\",\"url\":\"https:\\\/\\\/iniciativalegal.com\\\/wp-content\\\/uploads\\\/2024\\\/01\\\/pexels-agung-pandit-wiguna-1128318-768x607.jpg\",\"contentUrl\":\"https:\\\/\\\/iniciativalegal.com\\\/wp-content\\\/uploads\\\/2024\\\/01\\\/pexels-agung-pandit-wiguna-1128318-768x607.jpg\"},{\"@type\":\"BreadcrumbList\",\"@id\":\"https:\\\/\\\/iniciativalegal.com\\\/en\\\/familia\\\/#breadcrumb\",\"itemListElement\":[{\"@type\":\"ListItem\",\"position\":1,\"name\":\"Inicio\",\"item\":\"https:\\\/\\\/iniciativalegal.com\\\/\"},{\"@type\":\"ListItem\",\"position\":2,\"name\":\"Derecho de Familia\"}]},{\"@type\":\"WebSite\",\"@id\":\"https:\\\/\\\/iniciativalegal.com\\\/en\\\/#website\",\"url\":\"https:\\\/\\\/iniciativalegal.com\\\/en\\\/\",\"name\":\"iniciativalegal.com\",\"description\":\"Somos tus alidados Jur\u00eddicos\",\"publisher\":{\"@id\":\"https:\\\/\\\/iniciativalegal.com\\\/en\\\/#organization\"},\"alternateName\":\"Iniciativa Legal Abogados\",\"potentialAction\":[{\"@type\":\"SearchAction\",\"target\":{\"@type\":\"EntryPoint\",\"urlTemplate\":\"https:\\\/\\\/iniciativalegal.com\\\/en\\\/?s={search_term_string}\"},\"query-input\":{\"@type\":\"PropertyValueSpecification\",\"valueRequired\":true,\"valueName\":\"search_term_string\"}}],\"inLanguage\":\"en-US\"},{\"@type\":\"Organization\",\"@id\":\"https:\\\/\\\/iniciativalegal.com\\\/en\\\/#organization\",\"name\":\"iniciativalegal.com\",\"url\":\"https:\\\/\\\/iniciativalegal.com\\\/en\\\/\",\"logo\":{\"@type\":\"ImageObject\",\"inLanguage\":\"en-US\",\"@id\":\"https:\\\/\\\/iniciativalegal.com\\\/en\\\/#\\\/schema\\\/logo\\\/image\\\/\",\"url\":\"https:\\\/\\\/iniciativalegal.com\\\/wp-content\\\/uploads\\\/2023\\\/12\\\/cropped-INICIATIVA-LEGAL_favicon-1.ico\",\"contentUrl\":\"https:\\\/\\\/iniciativalegal.com\\\/wp-content\\\/uploads\\\/2023\\\/12\\\/cropped-INICIATIVA-LEGAL_favicon-1.ico\",\"width\":48,\"height\":48,\"caption\":\"iniciativalegal.com\"},\"image\":{\"@id\":\"https:\\\/\\\/iniciativalegal.com\\\/en\\\/#\\\/schema\\\/logo\\\/image\\\/\"},\"sameAs\":[\"https:\\\/\\\/www.facebook.com\\\/profile.php?id=100054888697663\",\"https:\\\/\\\/www.instagram.com\\\/iniciativa_legal\"]}]}<\/script>\n<!-- \/ Yoast SEO Premium plugin. -->","yoast_head_json":{"title":"Derecho de Familia - Iniciativa Legal","description":"Tenemos la capacidad para actuar en defensa de los derechos e intereses de los miembros de una familia que contrate nuestros servicios profesionales, brindando asesor\u00eda y acompa\u00f1amiento jur\u00eddico","robots":{"index":"index","follow":"follow","max-snippet":"max-snippet:-1","max-image-preview":"max-image-preview:large","max-video-preview":"max-video-preview:-1"},"canonical":"https:\/\/iniciativalegal.com\/en\/familia\/","og_locale":"en_US","og_type":"article","og_title":"Derecho de Familia","og_description":"Tenemos la capacidad para actuar en defensa de los derechos e intereses de los miembros de una familia que contrate nuestros servicios profesionales, brindando asesor\u00eda y acompa\u00f1amiento jur\u00eddico","og_url":"https:\/\/iniciativalegal.com\/en\/familia\/","og_site_name":"Iniciativa Legal","article_publisher":"https:\/\/www.facebook.com\/profile.php?id=100054888697663","article_modified_time":"2024-12-15T05:26:49+00:00","og_image":[{"url":"https:\/\/iniciativalegal.com\/wp-content\/uploads\/2024\/01\/pexels-agung-pandit-wiguna-1128318-768x607.jpg","type":"","width":"","height":""}],"twitter_card":"summary_large_image","twitter_misc":{"Est. reading time":"2 minutes"},"schema":{"@context":"https:\/\/schema.org","@graph":[{"@type":"WebPage","@id":"https:\/\/iniciativalegal.com\/en\/familia\/","url":"https:\/\/iniciativalegal.com\/en\/familia\/","name":"Derecho de Familia - Iniciativa Legal","isPartOf":{"@id":"https:\/\/iniciativalegal.com\/en\/#website"},"primaryImageOfPage":{"@id":"https:\/\/iniciativalegal.com\/en\/familia\/#primaryimage"},"image":{"@id":"https:\/\/iniciativalegal.com\/en\/familia\/#primaryimage"},"thumbnailUrl":"https:\/\/iniciativalegal.com\/wp-content\/uploads\/2024\/01\/pexels-agung-pandit-wiguna-1128318-768x607.jpg","datePublished":"2024-01-12T19:06:50+00:00","dateModified":"2024-12-15T05:26:49+00:00","description":"Tenemos la capacidad para actuar en defensa de los derechos e intereses de los miembros de una familia que contrate nuestros servicios profesionales, brindando asesor\u00eda y acompa\u00f1amiento jur\u00eddico","breadcrumb":{"@id":"https:\/\/iniciativalegal.com\/en\/familia\/#breadcrumb"},"inLanguage":"en-US","potentialAction":[{"@type":"ReadAction","target":["https:\/\/iniciativalegal.com\/en\/familia\/"]}]},{"@type":"ImageObject","inLanguage":"en-US","@id":"https:\/\/iniciativalegal.com\/en\/familia\/#primaryimage","url":"https:\/\/iniciativalegal.com\/wp-content\/uploads\/2024\/01\/pexels-agung-pandit-wiguna-1128318-768x607.jpg","contentUrl":"https:\/\/iniciativalegal.com\/wp-content\/uploads\/2024\/01\/pexels-agung-pandit-wiguna-1128318-768x607.jpg"},{"@type":"BreadcrumbList","@id":"https:\/\/iniciativalegal.com\/en\/familia\/#breadcrumb","itemListElement":[{"@type":"ListItem","position":1,"name":"Inicio","item":"https:\/\/iniciativalegal.com\/"},{"@type":"ListItem","position":2,"name":"Derecho de Familia"}]},{"@type":"WebSite","@id":"https:\/\/iniciativalegal.com\/en\/#website","url":"https:\/\/iniciativalegal.com\/en\/","name":"iniciativalegal.com","description":"Somos tus alidados Jur\u00eddicos","publisher":{"@id":"https:\/\/iniciativalegal.com\/en\/#organization"},"alternateName":"Iniciativa Legal Abogados","potentialAction":[{"@type":"SearchAction","target":{"@type":"EntryPoint","urlTemplate":"https:\/\/iniciativalegal.com\/en\/?s={search_term_string}"},"query-input":{"@type":"PropertyValueSpecification","valueRequired":true,"valueName":"search_term_string"}}],"inLanguage":"en-US"},{"@type":"Organization","@id":"https:\/\/iniciativalegal.com\/en\/#organization","name":"iniciativalegal.com","url":"https:\/\/iniciativalegal.com\/en\/","logo":{"@type":"ImageObject","inLanguage":"en-US","@id":"https:\/\/iniciativalegal.com\/en\/#\/schema\/logo\/image\/","url":"https:\/\/iniciativalegal.com\/wp-content\/uploads\/2023\/12\/cropped-INICIATIVA-LEGAL_favicon-1.ico","contentUrl":"https:\/\/iniciativalegal.com\/wp-content\/uploads\/2023\/12\/cropped-INICIATIVA-LEGAL_favicon-1.ico","width":48,"height":48,"caption":"iniciativalegal.com"},"image":{"@id":"https:\/\/iniciativalegal.com\/en\/#\/schema\/logo\/image\/"},"sameAs":["https:\/\/www.facebook.com\/profile.php?id=100054888697663","https:\/\/www.instagram.com\/iniciativa_legal"]}]}},"_links":{"self":[{"href":"https:\/\/iniciativalegal.com\/en\/wp-json\/wp\/v2\/pages\/1728","targetHints":{"allow":["GET"]}}],"collection":[{"href":"https:\/\/iniciativalegal.com\/en\/wp-json\/wp\/v2\/pages"}],"about":[{"href":"https:\/\/iniciativalegal.com\/en\/wp-json\/wp\/v2\/types\/page"}],"author":[{"embeddable":true,"href":"https:\/\/iniciativalegal.com\/en\/wp-json\/wp\/v2\/users\/1"}],"replies":[{"embeddable":true,"href":"https:\/\/iniciativalegal.com\/en\/wp-json\/wp\/v2\/comments?post=1728"}],"version-history":[{"count":66,"href":"https:\/\/iniciativalegal.com\/en\/wp-json\/wp\/v2\/pages\/1728\/revisions"}],"predecessor-version":[{"id":2912,"href":"https:\/\/iniciativalegal.com\/en\/wp-json\/wp\/v2\/pages\/1728\/revisions\/2912"}],"wp:attachment":[{"href":"https:\/\/iniciativalegal.com\/en\/wp-json\/wp\/v2\/media?parent=1728"}],"curies":[{"name":"wp","href":"https:\/\/api.w.org\/{rel}","templated":true}]}}