{"id":3067,"date":"2026-03-04T09:08:49","date_gmt":"2026-03-04T14:08:49","guid":{"rendered":"https:\/\/iniciativalegal.com\/?page_id=3067"},"modified":"2026-03-04T09:11:12","modified_gmt":"2026-03-04T14:11:12","slug":"derecho-comercial","status":"publish","type":"page","link":"https:\/\/iniciativalegal.com\/en\/derecho-comercial\/","title":{"rendered":"Derecho Comercial"},"content":{"rendered":"<div data-elementor-type=\"wp-page\" data-elementor-id=\"3067\" class=\"elementor elementor-3067\" data-elementor-post-type=\"page\">\n\t\t\t\t\t\t<section class=\"elementor-section elementor-top-section elementor-element elementor-element-496ffea elementor-section-boxed elementor-section-height-default elementor-section-height-default\" data-id=\"496ffea\" data-element_type=\"section\" data-e-type=\"section\" data-settings=\"{&quot;background_background&quot;:&quot;classic&quot;}\">\n\t\t\t\t\t\t\t<div class=\"elementor-background-overlay\"><\/div>\n\t\t\t\t\t\t\t<div class=\"elementor-container elementor-column-gap-default\">\n\t\t\t\t\t<div class=\"elementor-column elementor-col-100 elementor-top-column elementor-element elementor-element-52b5763\" data-id=\"52b5763\" data-element_type=\"column\" data-e-type=\"column\">\n\t\t\t<div class=\"elementor-widget-wrap elementor-element-populated\">\n\t\t\t\t\t\t<div class=\"elementor-element elementor-element-ec481fe elementor-widget elementor-widget-text-editor\" data-id=\"ec481fe\" data-element_type=\"widget\" data-e-type=\"widget\" data-widget_type=\"text-editor.default\">\n\t\t\t\t<div class=\"elementor-widget-container\">\n\t\t\t\t\t\t\t\t\t<p>Servicio en\u00a0<\/p>\t\t\t\t\t\t\t\t<\/div>\n\t\t\t\t<\/div>\n\t\t\t\t<div class=\"elementor-element elementor-element-8e94634 elementor-widget elementor-widget-heading\" data-id=\"8e94634\" data-element_type=\"widget\" data-e-type=\"widget\" data-widget_type=\"heading.default\">\n\t\t\t\t<div class=\"elementor-widget-container\">\n\t\t\t\t\t<h1 class=\"elementor-heading-title elementor-size-default\">Derecho Comercial<\/h1>\t\t\t\t<\/div>\n\t\t\t\t<\/div>\n\t\t\t\t\t<\/div>\n\t\t<\/div>\n\t\t\t\t\t<\/div>\n\t\t<\/section>\n\t\t\t\t<section class=\"elementor-section elementor-top-section elementor-element elementor-element-db2a26c elementor-section-boxed elementor-section-height-default elementor-section-height-default\" data-id=\"db2a26c\" data-element_type=\"section\" data-e-type=\"section\">\n\t\t\t\t\t\t<div class=\"elementor-container elementor-column-gap-default\">\n\t\t\t\t\t<div class=\"elementor-column elementor-col-100 elementor-top-column elementor-element elementor-element-bf956c3\" data-id=\"bf956c3\" data-element_type=\"column\" data-e-type=\"column\">\n\t\t\t<div class=\"elementor-widget-wrap elementor-element-populated\">\n\t\t\t\t\t\t<section class=\"elementor-section elementor-inner-section elementor-element elementor-element-fa8eeff elementor-section-boxed elementor-section-height-default elementor-section-height-default\" data-id=\"fa8eeff\" data-element_type=\"section\" data-e-type=\"section\">\n\t\t\t\t\t\t<div class=\"elementor-container elementor-column-gap-default\">\n\t\t\t\t\t<div class=\"elementor-column elementor-col-50 elementor-inner-column elementor-element elementor-element-243c389\" data-id=\"243c389\" data-element_type=\"column\" data-e-type=\"column\">\n\t\t\t<div class=\"elementor-widget-wrap elementor-element-populated\">\n\t\t\t\t\t\t<div class=\"elementor-element elementor-element-214ead3 elementor-widget elementor-widget-image\" data-id=\"214ead3\" data-element_type=\"widget\" data-e-type=\"widget\" data-widget_type=\"image.default\">\n\t\t\t\t<div class=\"elementor-widget-container\">\n\t\t\t\t\t\t\t\t\t\t\t\t\t\t\t<img fetchpriority=\"high\" decoding=\"async\" width=\"768\" height=\"512\" src=\"https:\/\/iniciativalegal.com\/wp-content\/uploads\/2026\/03\/closeup-shot-person-writing-book-with-gavel-table-768x512.jpg\" class=\"attachment-medium_large size-medium_large wp-image-3052\" alt=\"\" srcset=\"https:\/\/iniciativalegal.com\/wp-content\/uploads\/2026\/03\/closeup-shot-person-writing-book-with-gavel-table-768x512.jpg 768w, https:\/\/iniciativalegal.com\/wp-content\/uploads\/2026\/03\/closeup-shot-person-writing-book-with-gavel-table-300x200.jpg 300w, https:\/\/iniciativalegal.com\/wp-content\/uploads\/2026\/03\/closeup-shot-person-writing-book-with-gavel-table-1024x683.jpg 1024w, https:\/\/iniciativalegal.com\/wp-content\/uploads\/2026\/03\/closeup-shot-person-writing-book-with-gavel-table-1536x1024.jpg 1536w, https:\/\/iniciativalegal.com\/wp-content\/uploads\/2026\/03\/closeup-shot-person-writing-book-with-gavel-table-2048x1365.jpg 2048w, https:\/\/iniciativalegal.com\/wp-content\/uploads\/2026\/03\/closeup-shot-person-writing-book-with-gavel-table-18x12.jpg 18w\" sizes=\"(max-width: 768px) 100vw, 768px\" \/>\t\t\t\t\t\t\t\t\t\t\t\t\t\t\t<\/div>\n\t\t\t\t<\/div>\n\t\t\t\t\t<\/div>\n\t\t<\/div>\n\t\t\t\t<div class=\"elementor-column elementor-col-50 elementor-inner-column elementor-element elementor-element-3b62d4e\" data-id=\"3b62d4e\" data-element_type=\"column\" data-e-type=\"column\">\n\t\t\t<div class=\"elementor-widget-wrap\">\n\t\t\t\t\t\t\t<\/div>\n\t\t<\/div>\n\t\t\t\t\t<\/div>\n\t\t<\/section>\n\t\t\t\t<section class=\"elementor-section elementor-inner-section elementor-element elementor-element-c99d18d elementor-section-boxed elementor-section-height-default elementor-section-height-default\" data-id=\"c99d18d\" data-element_type=\"section\" data-e-type=\"section\">\n\t\t\t\t\t\t<div class=\"elementor-container elementor-column-gap-default\">\n\t\t\t\t\t<div class=\"elementor-column elementor-col-100 elementor-inner-column elementor-element elementor-element-41874fb\" data-id=\"41874fb\" data-element_type=\"column\" data-e-type=\"column\">\n\t\t\t<div class=\"elementor-widget-wrap elementor-element-populated\">\n\t\t\t\t\t\t<div class=\"elementor-element elementor-element-946526b elementor-widget elementor-widget-text-editor\" data-id=\"946526b\" data-element_type=\"widget\" data-e-type=\"widget\" data-widget_type=\"text-editor.default\">\n\t\t\t\t<div class=\"elementor-widget-container\">\n\t\t\t\t\t\t\t\t\t<p><strong>1. Revisi\u00f3n, estructuraci\u00f3n y negociaci\u00f3n de contratos comerciales<\/strong>\u2028Elaboramos y revisamos contratos de suministro, distribuci\u00f3n, agencia, franquicia, prestaci\u00f3n de servicios, acuerdos de confidencialidad (NDA) y dem\u00e1s instrumentos comerciales, garantizando claridad, equilibrio contractual y adecuada asignaci\u00f3n de riesgos.<\/p><p><strong>2. Relaciones contractuales con clientes y proveedores\u2028<\/strong>Asesoramos en la estructuraci\u00f3n de relaciones comerciales, gesti\u00f3n de incumplimientos, terminaci\u00f3n contractual y reclamaciones derivadas de obligaciones mercantiles.<\/p><p><strong>3. Protecci\u00f3n al consumidor en el \u00e1mbito empresarial\u2028<\/strong>Acompa\u00f1amos a empresas en el cumplimiento del r\u00e9gimen de protecci\u00f3n al consumidor, prevenci\u00f3n de contingencias regulatorias y defensa en reclamaciones administrativas o judiciales.<\/p><p><strong>4. Registro y protecci\u00f3n de marcas<\/strong>\u2028Asesoramos en el proceso integral de registro de marca ante la autoridad competente, incluyendo estudio previo de viabilidad, an\u00e1lisis de antecedentes marcarios, presentaci\u00f3n de la solicitud, respuesta a oposiciones y seguimiento hasta la obtenci\u00f3n del certificado de registro. Asimismo, brindamos acompa\u00f1amiento en defensa y protecci\u00f3n de los derechos marcarios.<\/p><p><strong>5. Protecci\u00f3n de activos intangibles<\/strong>\u2028Asesoramos en la protecci\u00f3n jur\u00eddica de nombres comerciales, derechos de autor, secretos empresariales y dem\u00e1s activos intangibles vinculados a la actividad empresarial.<\/p><p><strong>6. Resoluci\u00f3n de controversias comerciales<\/strong>\u2028Representamos a nuestros clientes en litigios y mecanismos alternativos de soluci\u00f3n de conflictos derivados de relaciones y operaciones comerciales<\/p><p><strong>7. Derechos de Autor\u2028<\/strong>Asesoramos en el registro, protecci\u00f3n y explotaci\u00f3n de obras literarias, art\u00edsticas, audiovisuales y software, as\u00ed como en la elaboraci\u00f3n de contratos de cesi\u00f3n y licencia. Representamos a nuestros clientes frente a infracciones y usos no autorizados, garantizando la protecci\u00f3n de sus derechos patrimoniales y morales.<\/p><p><strong>8. Derecho de Seguros\u2028<\/strong>Brindamos asesor\u00eda en la revisi\u00f3n e interpretaci\u00f3n de p\u00f3lizas de seguro y representamos a asegurados y beneficiarios en reclamaciones e indemnizaciones frente a compa\u00f1\u00edas aseguradoras, tanto en sede extrajudicial como judicial.<\/p>\t\t\t\t\t\t\t\t<\/div>\n\t\t\t\t<\/div>\n\t\t\t\t\t<\/div>\n\t\t<\/div>\n\t\t\t\t\t<\/div>\n\t\t<\/section>\n\t\t\t\t\t<\/div>\n\t\t<\/div>\n\t\t\t\t\t<\/div>\n\t\t<\/section>\n\t\t\t\t<section class=\"elementor-section elementor-top-section elementor-element elementor-element-6a11eedc elementor-section-boxed elementor-section-height-default elementor-section-height-default\" data-id=\"6a11eedc\" data-element_type=\"section\" data-e-type=\"section\">\n\t\t\t\t\t\t<div class=\"elementor-container elementor-column-gap-default\">\n\t\t\t\t\t<div class=\"elementor-column elementor-col-50 elementor-top-column elementor-element elementor-element-27b8dc59\" data-id=\"27b8dc59\" data-element_type=\"column\" data-e-type=\"column\">\n\t\t\t<div class=\"elementor-widget-wrap elementor-element-populated\">\n\t\t\t\t\t\t<div class=\"elementor-element elementor-element-316ff38 elementor-widget elementor-widget-image\" data-id=\"316ff38\" data-element_type=\"widget\" data-e-type=\"widget\" data-widget_type=\"image.default\">\n\t\t\t\t<div class=\"elementor-widget-container\">\n\t\t\t\t\t\t\t\t\t\t\t\t\t\t\t<img decoding=\"async\" width=\"800\" height=\"641\" src=\"https:\/\/iniciativalegal.com\/wp-content\/uploads\/2024\/01\/IMG_0380-1-1024x820.jpg\" class=\"attachment-large size-large wp-image-1995\" alt=\"Camilo Montoya Duque y Juliana Echavarr\u00eda Restrepo\" srcset=\"https:\/\/iniciativalegal.com\/wp-content\/uploads\/2024\/01\/IMG_0380-1-1024x820.jpg 1024w, https:\/\/iniciativalegal.com\/wp-content\/uploads\/2024\/01\/IMG_0380-1-300x240.jpg 300w, https:\/\/iniciativalegal.com\/wp-content\/uploads\/2024\/01\/IMG_0380-1-768x615.jpg 768w, https:\/\/iniciativalegal.com\/wp-content\/uploads\/2024\/01\/IMG_0380-1-1536x1230.jpg 1536w, https:\/\/iniciativalegal.com\/wp-content\/uploads\/2024\/01\/IMG_0380-1-2048x1640.jpg 2048w\" sizes=\"(max-width: 800px) 100vw, 800px\" \/>\t\t\t\t\t\t\t\t\t\t\t\t\t\t\t<\/div>\n\t\t\t\t<\/div>\n\t\t\t\t\t<\/div>\n\t\t<\/div>\n\t\t\t\t<div class=\"elementor-column elementor-col-50 elementor-top-column elementor-element elementor-element-37be6b98\" data-id=\"37be6b98\" data-element_type=\"column\" data-e-type=\"column\" data-settings=\"{&quot;background_background&quot;:&quot;classic&quot;}\">\n\t\t\t<div class=\"elementor-widget-wrap elementor-element-populated\">\n\t\t\t\t\t\t<div class=\"elementor-element elementor-element-2056fac3 elementor-widget elementor-widget-heading\" data-id=\"2056fac3\" data-element_type=\"widget\" data-e-type=\"widget\" data-widget_type=\"heading.default\">\n\t\t\t\t<div class=\"elementor-widget-container\">\n\t\t\t\t\t<h2 class=\"elementor-heading-title elementor-size-default\">Schedule an appointment with us<\/h2>\t\t\t\t<\/div>\n\t\t\t\t<\/div>\n\t\t\t\t<div class=\"elementor-element elementor-element-3f3710d5 form-sac elementor-widget elementor-widget-text-editor\" data-id=\"3f3710d5\" data-element_type=\"widget\" data-e-type=\"widget\" data-widget_type=\"text-editor.default\">\n\t\t\t\t<div class=\"elementor-widget-container\">\n\t\t\t\t\t\t\t\t\t<p>\n<div class=\"wpcf7 no-js\" id=\"wpcf7-f2890-o1\" lang=\"es-CO\" dir=\"ltr\" data-wpcf7-id=\"2890\">\n<div class=\"screen-reader-response\"><p role=\"status\" aria-live=\"polite\" aria-atomic=\"true\"><\/p> <ul><\/ul><\/div>\n<form action=\"\/en\/wp-json\/wp\/v2\/pages\/3067#wpcf7-f2890-o1\" method=\"post\" class=\"wpcf7-form init\" aria-label=\"Formulario de contacto\" novalidate=\"novalidate\" data-status=\"init\" data-trp-original-action=\"\/en\/wp-json\/wp\/v2\/pages\/3067#wpcf7-f2890-o1\">\n<fieldset class=\"hidden-fields-container\"><input type=\"hidden\" name=\"_wpcf7\" value=\"2890\" \/><input type=\"hidden\" name=\"_wpcf7_version\" value=\"6.1.5\" \/><input type=\"hidden\" name=\"_wpcf7_locale\" value=\"es_CO\" \/><input type=\"hidden\" name=\"_wpcf7_unit_tag\" value=\"wpcf7-f2890-o1\" \/><input type=\"hidden\" name=\"_wpcf7_container_post\" value=\"0\" \/><input type=\"hidden\" name=\"_wpcf7_posted_data_hash\" value=\"\" \/><input type=\"hidden\" name=\"_wpcf7_recaptcha_response\" value=\"\" \/>\n<\/fieldset>\n<p><span class=\"wpcf7-form-control-wrap\" data-name=\"nombre\"><input size=\"40\" maxlength=\"400\" class=\"wpcf7-form-control wpcf7-text wpcf7-validates-as-required\" aria-required=\"true\" aria-invalid=\"false\" placeholder=\"Full Name\" value=\"\" type=\"text\" name=\"nombre\" \/><\/span><br \/>\n<span class=\"wpcf7-form-control-wrap\" data-name=\"telefono\"><input size=\"40\" maxlength=\"400\" class=\"wpcf7-form-control wpcf7-tel wpcf7-validates-as-required wpcf7-text wpcf7-validates-as-tel\" aria-required=\"true\" aria-invalid=\"false\" placeholder=\"Mobile Phone\" value=\"\" type=\"tel\" name=\"telefono\" \/><\/span><br \/>\n<span class=\"wpcf7-form-control-wrap\" data-name=\"correo\"><input size=\"40\" maxlength=\"400\" class=\"wpcf7-form-control wpcf7-email wpcf7-validates-as-required wpcf7-text wpcf7-validates-as-email\" aria-required=\"true\" aria-invalid=\"false\" placeholder=\"Email Address\" value=\"\" type=\"email\" name=\"correo\" \/><\/span><br \/>\n<span class=\"wpcf7-form-control-wrap\" data-name=\"mensaje\"><textarea cols=\"40\" rows=\"10\" maxlength=\"2000\" class=\"wpcf7-form-control wpcf7-textarea\" aria-invalid=\"false\" placeholder=\"How can we assist you?\" name=\"mensaje\"><\/textarea><\/span><br \/>\n<input class=\"wpcf7-form-control wpcf7-hidden\" value=\"Derecho Civil y Comercial\" type=\"hidden\" name=\"servicio\" \/>\n<\/p>\n<div style=\"display:none;\">\n<input class=\"wpcf7-form-control wpcf7-hidden\" value=\"\" type=\"hidden\" name=\"utm_source\" \/>\n<input class=\"wpcf7-form-control wpcf7-hidden\" value=\"\" type=\"hidden\" name=\"utm_medium\" \/>\n<input class=\"wpcf7-form-control wpcf7-hidden\" value=\"\" type=\"hidden\" name=\"utm_campaign\" \/>\n<input class=\"wpcf7-form-control wpcf7-hidden\" value=\"\" type=\"hidden\" name=\"utm_keyword\" \/>\n<input class=\"wpcf7-form-control wpcf7-hidden\" value=\"\" type=\"hidden\" name=\"utm_content\" \/>\n<\/div>\n<p><span class=\"wpcf7-form-control-wrap\" data-name=\"terminos\"><span class=\"wpcf7-form-control wpcf7-acceptance optional\"><span class=\"wpcf7-list-item\"><label><input type=\"checkbox\" name=\"terminos\" value=\"1\" aria-invalid=\"false\" \/><span class=\"wpcf7-list-item-label\">I accept <a href=\"https:\/\/iniciativalegal.com\/wp-content\/uploads\/2023\/12\/IL-POLITICA-DE-TRATAMIENTO-DE-DATOS.pdf\">the personal data processing policy<\/a><\/span><\/label><\/span><\/span><\/span><br \/>\n<input class=\"wpcf7-form-control wpcf7-submit has-spinner\" type=\"submit\" value=\"Send\" \/>\n<\/p><div class=\"wpcf7-response-output\" aria-hidden=\"true\"><\/div>\n<input type=\"hidden\" name=\"trp-form-language\" value=\"en\"\/><\/form>\n<\/div>\n<\/p>\t\t\t\t\t\t\t\t<\/div>\n\t\t\t\t<\/div>\n\t\t\t\t\t<\/div>\n\t\t<\/div>\n\t\t\t\t\t<\/div>\n\t\t<\/section>\n\t\t\t\t<\/div>","protected":false},"excerpt":{"rendered":"<p>Servicio en\u00a0 1. Revisi\u00f3n, estructuraci\u00f3n y negociaci\u00f3n de contratos comerciales\u2028Elaboramos y revisamos contratos de suministro, distribuci\u00f3n, agencia, franquicia, prestaci\u00f3n de servicios, acuerdos de confidencialidad (NDA) y dem\u00e1s instrumentos comerciales, garantizando claridad, equilibrio contractual y adecuada asignaci\u00f3n de riesgos. 2. Relaciones contractuales con clientes y proveedores\u2028Asesoramos en la estructuraci\u00f3n de relaciones comerciales, gesti\u00f3n de incumplimientos, terminaci\u00f3n [&hellip;]<\/p>\n","protected":false},"author":2,"featured_media":0,"parent":0,"menu_order":0,"comment_status":"closed","ping_status":"closed","template":"","meta":{"_joinchat":[],"footnotes":""},"class_list":["post-3067","page","type-page","status-publish","hentry"],"yoast_head":"<!-- This site is optimized with the Yoast SEO Premium plugin v21.9 (Yoast SEO v27.5) - https:\/\/yoast.com\/product\/yoast-seo-premium-wordpress\/ -->\n<title>Iniciativa Legal Abogados | Servicio en Derecho Civil y Comercial<\/title>\n<meta name=\"description\" content=\"Brindamos servicio en Derecho Civil y Comercial con asesor\u00eda y formalizaci\u00f3n de negocios y operaciones en defensa de tus intereses\" \/>\n<meta name=\"robots\" content=\"index, follow, max-snippet:-1, max-image-preview:large, max-video-preview:-1\" \/>\n<link rel=\"canonical\" href=\"https:\/\/iniciativalegal.com\/en\/derecho-comercial\/\" \/>\n<meta property=\"og:locale\" content=\"en_US\" \/>\n<meta property=\"og:type\" content=\"article\" \/>\n<meta property=\"og:title\" content=\"Derecho Comercial\" \/>\n<meta property=\"og:description\" content=\"Brindamos servicio en Derecho Civil y Comercial con asesor\u00eda y formalizaci\u00f3n de negocios y operaciones en defensa de tus intereses\" \/>\n<meta property=\"og:url\" content=\"https:\/\/iniciativalegal.com\/en\/derecho-comercial\/\" \/>\n<meta property=\"og:site_name\" content=\"Iniciativa Legal\" \/>\n<meta property=\"article:publisher\" content=\"https:\/\/www.facebook.com\/profile.php?id=100054888697663\" \/>\n<meta property=\"article:modified_time\" content=\"2026-03-04T14:11:12+00:00\" \/>\n<meta property=\"og:image\" content=\"https:\/\/iniciativalegal.com\/wp-content\/uploads\/2026\/03\/closeup-shot-person-writing-book-with-gavel-table-scaled.jpg\" \/>\n\t<meta property=\"og:image:width\" content=\"2560\" \/>\n\t<meta property=\"og:image:height\" content=\"1707\" \/>\n\t<meta property=\"og:image:type\" content=\"image\/jpeg\" \/>\n<meta name=\"twitter:card\" content=\"summary_large_image\" \/>\n<meta name=\"twitter:label1\" content=\"Est. reading time\" \/>\n\t<meta name=\"twitter:data1\" content=\"2 minutes\" \/>\n<script type=\"application\/ld+json\" class=\"yoast-schema-graph\">{\"@context\":\"https:\\\/\\\/schema.org\",\"@graph\":[{\"@type\":\"WebPage\",\"@id\":\"https:\\\/\\\/iniciativalegal.com\\\/en\\\/derecho-comercial\\\/\",\"url\":\"https:\\\/\\\/iniciativalegal.com\\\/en\\\/derecho-comercial\\\/\",\"name\":\"Iniciativa Legal Abogados | Servicio en Derecho Civil y Comercial\",\"isPartOf\":{\"@id\":\"https:\\\/\\\/iniciativalegal.com\\\/en\\\/#website\"},\"primaryImageOfPage\":{\"@id\":\"https:\\\/\\\/iniciativalegal.com\\\/en\\\/derecho-comercial\\\/#primaryimage\"},\"image\":{\"@id\":\"https:\\\/\\\/iniciativalegal.com\\\/en\\\/derecho-comercial\\\/#primaryimage\"},\"thumbnailUrl\":\"https:\\\/\\\/iniciativalegal.com\\\/wp-content\\\/uploads\\\/2026\\\/03\\\/closeup-shot-person-writing-book-with-gavel-table-768x512.jpg\",\"datePublished\":\"2026-03-04T14:08:49+00:00\",\"dateModified\":\"2026-03-04T14:11:12+00:00\",\"description\":\"Brindamos servicio en Derecho Civil y Comercial con asesor\u00eda y formalizaci\u00f3n de negocios y operaciones en defensa de tus intereses\",\"breadcrumb\":{\"@id\":\"https:\\\/\\\/iniciativalegal.com\\\/en\\\/derecho-comercial\\\/#breadcrumb\"},\"inLanguage\":\"en-US\",\"potentialAction\":[{\"@type\":\"ReadAction\",\"target\":[\"https:\\\/\\\/iniciativalegal.com\\\/en\\\/derecho-comercial\\\/\"]}]},{\"@type\":\"ImageObject\",\"inLanguage\":\"en-US\",\"@id\":\"https:\\\/\\\/iniciativalegal.com\\\/en\\\/derecho-comercial\\\/#primaryimage\",\"url\":\"https:\\\/\\\/iniciativalegal.com\\\/wp-content\\\/uploads\\\/2026\\\/03\\\/closeup-shot-person-writing-book-with-gavel-table-768x512.jpg\",\"contentUrl\":\"https:\\\/\\\/iniciativalegal.com\\\/wp-content\\\/uploads\\\/2026\\\/03\\\/closeup-shot-person-writing-book-with-gavel-table-768x512.jpg\"},{\"@type\":\"BreadcrumbList\",\"@id\":\"https:\\\/\\\/iniciativalegal.com\\\/en\\\/derecho-comercial\\\/#breadcrumb\",\"itemListElement\":[{\"@type\":\"ListItem\",\"position\":1,\"name\":\"Inicio\",\"item\":\"https:\\\/\\\/iniciativalegal.com\\\/\"},{\"@type\":\"ListItem\",\"position\":2,\"name\":\"Derecho Comercial\"}]},{\"@type\":\"WebSite\",\"@id\":\"https:\\\/\\\/iniciativalegal.com\\\/en\\\/#website\",\"url\":\"https:\\\/\\\/iniciativalegal.com\\\/en\\\/\",\"name\":\"iniciativalegal.com\",\"description\":\"Somos tus alidados Jur\u00eddicos\",\"publisher\":{\"@id\":\"https:\\\/\\\/iniciativalegal.com\\\/en\\\/#organization\"},\"alternateName\":\"Iniciativa Legal Abogados\",\"potentialAction\":[{\"@type\":\"SearchAction\",\"target\":{\"@type\":\"EntryPoint\",\"urlTemplate\":\"https:\\\/\\\/iniciativalegal.com\\\/en\\\/?s={search_term_string}\"},\"query-input\":{\"@type\":\"PropertyValueSpecification\",\"valueRequired\":true,\"valueName\":\"search_term_string\"}}],\"inLanguage\":\"en-US\"},{\"@type\":\"Organization\",\"@id\":\"https:\\\/\\\/iniciativalegal.com\\\/en\\\/#organization\",\"name\":\"iniciativalegal.com\",\"url\":\"https:\\\/\\\/iniciativalegal.com\\\/en\\\/\",\"logo\":{\"@type\":\"ImageObject\",\"inLanguage\":\"en-US\",\"@id\":\"https:\\\/\\\/iniciativalegal.com\\\/en\\\/#\\\/schema\\\/logo\\\/image\\\/\",\"url\":\"https:\\\/\\\/iniciativalegal.com\\\/wp-content\\\/uploads\\\/2023\\\/12\\\/cropped-INICIATIVA-LEGAL_favicon-1.ico\",\"contentUrl\":\"https:\\\/\\\/iniciativalegal.com\\\/wp-content\\\/uploads\\\/2023\\\/12\\\/cropped-INICIATIVA-LEGAL_favicon-1.ico\",\"width\":48,\"height\":48,\"caption\":\"iniciativalegal.com\"},\"image\":{\"@id\":\"https:\\\/\\\/iniciativalegal.com\\\/en\\\/#\\\/schema\\\/logo\\\/image\\\/\"},\"sameAs\":[\"https:\\\/\\\/www.facebook.com\\\/profile.php?id=100054888697663\",\"https:\\\/\\\/www.instagram.com\\\/iniciativa_legal\"]}]}<\/script>\n<!-- \/ Yoast SEO Premium plugin. -->","yoast_head_json":{"title":"Iniciativa Legal Abogados | Servicio en Derecho Civil y Comercial","description":"Brindamos servicio en Derecho Civil y Comercial con asesor\u00eda y formalizaci\u00f3n de negocios y operaciones en defensa de tus intereses","robots":{"index":"index","follow":"follow","max-snippet":"max-snippet:-1","max-image-preview":"max-image-preview:large","max-video-preview":"max-video-preview:-1"},"canonical":"https:\/\/iniciativalegal.com\/en\/derecho-comercial\/","og_locale":"en_US","og_type":"article","og_title":"Derecho Comercial","og_description":"Brindamos servicio en Derecho Civil y Comercial con asesor\u00eda y formalizaci\u00f3n de negocios y operaciones en defensa de tus intereses","og_url":"https:\/\/iniciativalegal.com\/en\/derecho-comercial\/","og_site_name":"Iniciativa Legal","article_publisher":"https:\/\/www.facebook.com\/profile.php?id=100054888697663","article_modified_time":"2026-03-04T14:11:12+00:00","og_image":[{"width":2560,"height":1707,"url":"https:\/\/iniciativalegal.com\/wp-content\/uploads\/2026\/03\/closeup-shot-person-writing-book-with-gavel-table-scaled.jpg","type":"image\/jpeg"}],"twitter_card":"summary_large_image","twitter_misc":{"Est. reading time":"2 minutes"},"schema":{"@context":"https:\/\/schema.org","@graph":[{"@type":"WebPage","@id":"https:\/\/iniciativalegal.com\/en\/derecho-comercial\/","url":"https:\/\/iniciativalegal.com\/en\/derecho-comercial\/","name":"Iniciativa Legal Abogados | Servicio en Derecho Civil y Comercial","isPartOf":{"@id":"https:\/\/iniciativalegal.com\/en\/#website"},"primaryImageOfPage":{"@id":"https:\/\/iniciativalegal.com\/en\/derecho-comercial\/#primaryimage"},"image":{"@id":"https:\/\/iniciativalegal.com\/en\/derecho-comercial\/#primaryimage"},"thumbnailUrl":"https:\/\/iniciativalegal.com\/wp-content\/uploads\/2026\/03\/closeup-shot-person-writing-book-with-gavel-table-768x512.jpg","datePublished":"2026-03-04T14:08:49+00:00","dateModified":"2026-03-04T14:11:12+00:00","description":"Brindamos servicio en Derecho Civil y Comercial con asesor\u00eda y formalizaci\u00f3n de negocios y operaciones en defensa de tus intereses","breadcrumb":{"@id":"https:\/\/iniciativalegal.com\/en\/derecho-comercial\/#breadcrumb"},"inLanguage":"en-US","potentialAction":[{"@type":"ReadAction","target":["https:\/\/iniciativalegal.com\/en\/derecho-comercial\/"]}]},{"@type":"ImageObject","inLanguage":"en-US","@id":"https:\/\/iniciativalegal.com\/en\/derecho-comercial\/#primaryimage","url":"https:\/\/iniciativalegal.com\/wp-content\/uploads\/2026\/03\/closeup-shot-person-writing-book-with-gavel-table-768x512.jpg","contentUrl":"https:\/\/iniciativalegal.com\/wp-content\/uploads\/2026\/03\/closeup-shot-person-writing-book-with-gavel-table-768x512.jpg"},{"@type":"BreadcrumbList","@id":"https:\/\/iniciativalegal.com\/en\/derecho-comercial\/#breadcrumb","itemListElement":[{"@type":"ListItem","position":1,"name":"Inicio","item":"https:\/\/iniciativalegal.com\/"},{"@type":"ListItem","position":2,"name":"Derecho Comercial"}]},{"@type":"WebSite","@id":"https:\/\/iniciativalegal.com\/en\/#website","url":"https:\/\/iniciativalegal.com\/en\/","name":"iniciativalegal.com","description":"Somos tus alidados Jur\u00eddicos","publisher":{"@id":"https:\/\/iniciativalegal.com\/en\/#organization"},"alternateName":"Iniciativa Legal Abogados","potentialAction":[{"@type":"SearchAction","target":{"@type":"EntryPoint","urlTemplate":"https:\/\/iniciativalegal.com\/en\/?s={search_term_string}"},"query-input":{"@type":"PropertyValueSpecification","valueRequired":true,"valueName":"search_term_string"}}],"inLanguage":"en-US"},{"@type":"Organization","@id":"https:\/\/iniciativalegal.com\/en\/#organization","name":"iniciativalegal.com","url":"https:\/\/iniciativalegal.com\/en\/","logo":{"@type":"ImageObject","inLanguage":"en-US","@id":"https:\/\/iniciativalegal.com\/en\/#\/schema\/logo\/image\/","url":"https:\/\/iniciativalegal.com\/wp-content\/uploads\/2023\/12\/cropped-INICIATIVA-LEGAL_favicon-1.ico","contentUrl":"https:\/\/iniciativalegal.com\/wp-content\/uploads\/2023\/12\/cropped-INICIATIVA-LEGAL_favicon-1.ico","width":48,"height":48,"caption":"iniciativalegal.com"},"image":{"@id":"https:\/\/iniciativalegal.com\/en\/#\/schema\/logo\/image\/"},"sameAs":["https:\/\/www.facebook.com\/profile.php?id=100054888697663","https:\/\/www.instagram.com\/iniciativa_legal"]}]}},"_links":{"self":[{"href":"https:\/\/iniciativalegal.com\/en\/wp-json\/wp\/v2\/pages\/3067","targetHints":{"allow":["GET"]}}],"collection":[{"href":"https:\/\/iniciativalegal.com\/en\/wp-json\/wp\/v2\/pages"}],"about":[{"href":"https:\/\/iniciativalegal.com\/en\/wp-json\/wp\/v2\/types\/page"}],"author":[{"embeddable":true,"href":"https:\/\/iniciativalegal.com\/en\/wp-json\/wp\/v2\/users\/2"}],"replies":[{"embeddable":true,"href":"https:\/\/iniciativalegal.com\/en\/wp-json\/wp\/v2\/comments?post=3067"}],"version-history":[{"count":7,"href":"https:\/\/iniciativalegal.com\/en\/wp-json\/wp\/v2\/pages\/3067\/revisions"}],"predecessor-version":[{"id":3074,"href":"https:\/\/iniciativalegal.com\/en\/wp-json\/wp\/v2\/pages\/3067\/revisions\/3074"}],"wp:attachment":[{"href":"https:\/\/iniciativalegal.com\/en\/wp-json\/wp\/v2\/media?parent=3067"}],"curies":[{"name":"wp","href":"https:\/\/api.w.org\/{rel}","templated":true}]}}